{"id":75,"date":"2023-02-10T09:03:05","date_gmt":"2023-02-10T12:03:05","guid":{"rendered":"https:\/\/smooth.offstudio.com.br\/blog\/?page_id=75"},"modified":"2023-02-10T09:06:00","modified_gmt":"2023-02-10T12:06:00","slug":"elementor-75","status":"publish","type":"page","link":"https:\/\/smooth3d.com.br\/blog\/","title":{"rendered":"Elementor #75"},"content":{"rendered":"\t\t<div data-elementor-type=\"wp-page\" data-elementor-id=\"75\" class=\"elementor elementor-75\">\n\t\t\t\t\t\t\t\t\t<section class=\"elementor-section elementor-top-section elementor-element elementor-element-024322f elementor-section-boxed elementor-section-height-default elementor-section-height-default\" data-id=\"024322f\" data-element_type=\"section\" data-settings=\"{&quot;background_background&quot;:&quot;classic&quot;}\">\n\t\t\t\t\t\t<div class=\"elementor-container elementor-column-gap-default\">\n\t\t\t\t\t<div class=\"elementor-column elementor-col-100 elementor-top-column elementor-element elementor-element-66865d5\" data-id=\"66865d5\" data-element_type=\"column\">\n\t\t\t<div class=\"elementor-widget-wrap elementor-element-populated\">\n\t\t\t\t\t\t\t\t<div class=\"elementor-element elementor-element-cb593ef elementor-widget elementor-widget-image\" data-id=\"cb593ef\" data-element_type=\"widget\" data-widget_type=\"image.default\">\n\t\t\t\t<div class=\"elementor-widget-container\">\n\t\t\t<style>\/*! elementor - v3.10.2 - 29-01-2023 *\/\n.elementor-widget-image{text-align:center}.elementor-widget-image a{display:inline-block}.elementor-widget-image a img[src$=\".svg\"]{width:48px}.elementor-widget-image img{vertical-align:middle;display:inline-block}<\/style>\t\t\t\t\t\t\t\t\t\t\t\t<img loading=\"lazy\" decoding=\"async\" width=\"800\" height=\"95\" src=\"https:\/\/smooth3d.com.br\/blog\/wp-content\/uploads\/2023\/02\/Screen-Shot-2023-02-10-at-08.59.25-1024x121.png\" class=\"attachment-large size-large wp-image-77\" alt=\"\" srcset=\"https:\/\/smooth3d.com.br\/blog\/wp-content\/uploads\/2023\/02\/Screen-Shot-2023-02-10-at-08.59.25-1024x121.png 1024w, https:\/\/smooth3d.com.br\/blog\/wp-content\/uploads\/2023\/02\/Screen-Shot-2023-02-10-at-08.59.25-300x36.png 300w, https:\/\/smooth3d.com.br\/blog\/wp-content\/uploads\/2023\/02\/Screen-Shot-2023-02-10-at-08.59.25-768x91.png 768w, https:\/\/smooth3d.com.br\/blog\/wp-content\/uploads\/2023\/02\/Screen-Shot-2023-02-10-at-08.59.25-1536x182.png 1536w, https:\/\/smooth3d.com.br\/blog\/wp-content\/uploads\/2023\/02\/Screen-Shot-2023-02-10-at-08.59.25-2048x243.png 2048w\" sizes=\"(max-width: 800px) 100vw, 800px\" \/>\t\t\t\t\t\t\t\t\t\t\t\t\t\t\t<\/div>\n\t\t\t\t<\/div>\n\t\t\t\t\t<\/div>\n\t\t<\/div>\n\t\t\t\t\t\t\t<\/div>\n\t\t<\/section>\n\t\t\t\t<section class=\"elementor-section elementor-top-section elementor-element elementor-element-3789b40 elementor-section-boxed elementor-section-height-default elementor-section-height-default\" data-id=\"3789b40\" data-element_type=\"section\">\n\t\t\t\t\t\t<div class=\"elementor-container elementor-column-gap-default\">\n\t\t\t\t\t<div class=\"elementor-column elementor-col-100 elementor-top-column elementor-element elementor-element-4cbd441\" data-id=\"4cbd441\" data-element_type=\"column\">\n\t\t\t<div class=\"elementor-widget-wrap elementor-element-populated\">\n\t\t\t\t\t\t\t\t<div class=\"elementor-element elementor-element-70e8360 elementor-grid-3 elementor-grid-tablet-2 elementor-grid-mobile-1 elementor-posts--thumbnail-top elementor-widget elementor-widget-posts\" data-id=\"70e8360\" data-element_type=\"widget\" data-settings=\"{&quot;classic_columns&quot;:&quot;3&quot;,&quot;classic_columns_tablet&quot;:&quot;2&quot;,&quot;classic_columns_mobile&quot;:&quot;1&quot;,&quot;classic_row_gap&quot;:{&quot;unit&quot;:&quot;px&quot;,&quot;size&quot;:35,&quot;sizes&quot;:[]},&quot;classic_row_gap_tablet&quot;:{&quot;unit&quot;:&quot;px&quot;,&quot;size&quot;:&quot;&quot;,&quot;sizes&quot;:[]},&quot;classic_row_gap_mobile&quot;:{&quot;unit&quot;:&quot;px&quot;,&quot;size&quot;:&quot;&quot;,&quot;sizes&quot;:[]}}\" data-widget_type=\"posts.classic\">\n\t\t\t\t<div class=\"elementor-widget-container\">\n\t\t\t<link rel=\"stylesheet\" href=\"https:\/\/smooth3d.com.br\/blog\/wp-content\/plugins\/elementor-pro\/assets\/css\/widget-posts.min.css\">\t\t<div class=\"elementor-posts-container elementor-posts elementor-posts--skin-classic elementor-grid\">\n\t\t\t\t<article class=\"elementor-post elementor-grid-item post-12 post type-post status-publish format-standard has-post-thumbnail hentry category-sem-categoria\">\n\t\t\t\t<a class=\"elementor-post__thumbnail__link\" href=\"https:\/\/smooth3d.com.br\/blog\/2023\/02\/22\/tutorial-resinas-smooth3d\/\" >\n\t\t\t<div class=\"elementor-post__thumbnail\"><img loading=\"lazy\" decoding=\"async\" width=\"300\" height=\"126\" src=\"https:\/\/smooth3d.com.br\/blog\/wp-content\/uploads\/2022\/10\/calibradorsmooth-300x126.jpg\" class=\"attachment-medium size-medium wp-image-90\" alt=\"\" srcset=\"https:\/\/smooth3d.com.br\/blog\/wp-content\/uploads\/2022\/10\/calibradorsmooth-300x126.jpg 300w, https:\/\/smooth3d.com.br\/blog\/wp-content\/uploads\/2022\/10\/calibradorsmooth-1024x429.jpg 1024w, https:\/\/smooth3d.com.br\/blog\/wp-content\/uploads\/2022\/10\/calibradorsmooth-768x322.jpg 768w, https:\/\/smooth3d.com.br\/blog\/wp-content\/uploads\/2022\/10\/calibradorsmooth-1536x643.jpg 1536w, https:\/\/smooth3d.com.br\/blog\/wp-content\/uploads\/2022\/10\/calibradorsmooth-2048x858.jpg 2048w\" sizes=\"(max-width: 300px) 100vw, 300px\" \/><\/div>\n\t\t<\/a>\n\t\t\t\t<div class=\"elementor-post__text\">\n\t\t\t\t<h3 class=\"elementor-post__title\">\n\t\t\t<a href=\"https:\/\/smooth3d.com.br\/blog\/2023\/02\/22\/tutorial-resinas-smooth3d\/\" >\n\t\t\t\tConfigurando as suas resinas Smooth 3D\t\t\t<\/a>\n\t\t<\/h3>\n\t\t\t\t<div class=\"elementor-post__excerpt\">\n\t\t\t<p>Os par\u00e2metros para impress\u00e3o 3D podem variar de acordo com a resina e com a impressora utilizada. Pode ocorrer varia\u00e7\u00e3o de par\u00e2metros mesmo entre impressoras<\/p>\n\t\t<\/div>\n\t\t\t\t<\/div>\n\t\t\t\t<\/article>\n\t\t\t\t<article class=\"elementor-post elementor-grid-item post-9 post type-post status-publish format-standard has-post-thumbnail hentry category-sem-categoria\">\n\t\t\t\t<a class=\"elementor-post__thumbnail__link\" href=\"https:\/\/smooth3d.com.br\/blog\/2022\/10\/25\/impressao-por-luz\/\" >\n\t\t\t<div class=\"elementor-post__thumbnail\"><img loading=\"lazy\" decoding=\"async\" width=\"300\" height=\"200\" src=\"https:\/\/smooth3d.com.br\/blog\/wp-content\/uploads\/2023\/02\/image-6-300x200.png\" class=\"attachment-medium size-medium wp-image-99\" alt=\"\" srcset=\"https:\/\/smooth3d.com.br\/blog\/wp-content\/uploads\/2023\/02\/image-6-300x200.png 300w, https:\/\/smooth3d.com.br\/blog\/wp-content\/uploads\/2023\/02\/image-6-768x512.png 768w, https:\/\/smooth3d.com.br\/blog\/wp-content\/uploads\/2023\/02\/image-6.png 940w\" sizes=\"(max-width: 300px) 100vw, 300px\" \/><\/div>\n\t\t<\/a>\n\t\t\t\t<div class=\"elementor-post__text\">\n\t\t\t\t<h3 class=\"elementor-post__title\">\n\t\t\t<a href=\"https:\/\/smooth3d.com.br\/blog\/2022\/10\/25\/impressao-por-luz\/\" >\n\t\t\t\tImpress\u00e3o 3D Por luz\t\t\t<\/a>\n\t\t<\/h3>\n\t\t\t\t<div class=\"elementor-post__excerpt\">\n\t\t\t<p>Por: Emanuel Campos | Editor da revista Impresso 3D A Impress\u00e3o 3D nasceu da descoberta de Chuck Hull que ele poderia curar, endurecer resinas, atrav\u00e9s<\/p>\n\t\t<\/div>\n\t\t\t\t<\/div>\n\t\t\t\t<\/article>\n\t\t\t\t<article class=\"elementor-post elementor-grid-item post-5 post type-post status-publish format-standard has-post-thumbnail hentry category-sem-categoria\">\n\t\t\t\t<a class=\"elementor-post__thumbnail__link\" href=\"https:\/\/smooth3d.com.br\/blog\/2022\/10\/25\/o-que-significa-realmente-impressao3d\/\" >\n\t\t\t<div class=\"elementor-post__thumbnail\"><img loading=\"lazy\" decoding=\"async\" width=\"300\" height=\"156\" src=\"https:\/\/smooth3d.com.br\/blog\/wp-content\/uploads\/2022\/10\/3dprint-300x156.png\" class=\"attachment-medium size-medium wp-image-102\" alt=\"\" srcset=\"https:\/\/smooth3d.com.br\/blog\/wp-content\/uploads\/2022\/10\/3dprint-300x156.png 300w, https:\/\/smooth3d.com.br\/blog\/wp-content\/uploads\/2022\/10\/3dprint-1024x531.png 1024w, https:\/\/smooth3d.com.br\/blog\/wp-content\/uploads\/2022\/10\/3dprint-768x398.png 768w, https:\/\/smooth3d.com.br\/blog\/wp-content\/uploads\/2022\/10\/3dprint.png 1113w\" sizes=\"(max-width: 300px) 100vw, 300px\" \/><\/div>\n\t\t<\/a>\n\t\t\t\t<div class=\"elementor-post__text\">\n\t\t\t\t<h3 class=\"elementor-post__title\">\n\t\t\t<a href=\"https:\/\/smooth3d.com.br\/blog\/2022\/10\/25\/o-que-significa-realmente-impressao3d\/\" >\n\t\t\t\tO que significa, realmente, impress\u00e3o 3D.\t\t\t<\/a>\n\t\t<\/h3>\n\t\t\t\t<div class=\"elementor-post__excerpt\">\n\t\t\t<p>Por: Emanuel Campos | Editor da revista Impresso 3D A impress\u00e3o 3D nasceu em 1984, criada por Chuck Hull, ele foi o primeiro a visualizar<\/p>\n\t\t<\/div>\n\t\t\t\t<\/div>\n\t\t\t\t<\/article>\n\t\t\t\t<\/div>\n\t\t\n\t\t\t\t<\/div>\n\t\t\t\t<\/div>\n\t\t\t\t\t<\/div>\n\t\t<\/div>\n\t\t\t\t\t\t\t<\/div>\n\t\t<\/section>\n\t\t\t\t\t\t\t<\/div>\n\t\t","protected":false},"excerpt":{"rendered":"","protected":false},"author":1,"featured_media":0,"parent":0,"menu_order":0,"comment_status":"closed","ping_status":"closed","template":"elementor_header_footer","meta":{"footnotes":""},"_links":{"self":[{"href":"https:\/\/smooth3d.com.br\/blog\/wp-json\/wp\/v2\/pages\/75"}],"collection":[{"href":"https:\/\/smooth3d.com.br\/blog\/wp-json\/wp\/v2\/pages"}],"about":[{"href":"https:\/\/smooth3d.com.br\/blog\/wp-json\/wp\/v2\/types\/page"}],"author":[{"embeddable":true,"href":"https:\/\/smooth3d.com.br\/blog\/wp-json\/wp\/v2\/users\/1"}],"replies":[{"embeddable":true,"href":"https:\/\/smooth3d.com.br\/blog\/wp-json\/wp\/v2\/comments?post=75"}],"version-history":[{"count":7,"href":"https:\/\/smooth3d.com.br\/blog\/wp-json\/wp\/v2\/pages\/75\/revisions"}],"predecessor-version":[{"id":83,"href":"https:\/\/smooth3d.com.br\/blog\/wp-json\/wp\/v2\/pages\/75\/revisions\/83"}],"wp:attachment":[{"href":"https:\/\/smooth3d.com.br\/blog\/wp-json\/wp\/v2\/media?parent=75"}],"curies":[{"name":"wp","href":"https:\/\/api.w.org\/{rel}","templated":true}]}}